{"id":65,"date":"2026-03-17T22:44:11","date_gmt":"2026-03-17T21:44:11","guid":{"rendered":"https:\/\/www.francaisdugrandsudmarocain.com\/?page_id=65"},"modified":"2026-03-17T22:51:00","modified_gmt":"2026-03-17T21:51:00","slug":"mentions-legales","status":"publish","type":"page","link":"https:\/\/www.francaisdugrandsudmarocain.com\/index.php\/mentions-legales\/","title":{"rendered":"Mentions L\u00e9gales"},"content":{"rendered":"\n<p>Le pr\u00e9sent site est \u00e9dit\u00e9 dans le cadre d\u2019une campagne pour les \u00e9lections consulaires des Fran\u00e7ais de l\u2019\u00e9tranger.<\/p>\n\n\n\n<p><strong>\u00c9diteur du site<\/strong><br>FONTENOY Claude<br>Candidat aux \u00e9lections consulaires<br>Union des Fran\u00e7ais du Grand Sud Marocain<br>Email :  <a href=\"mailto:francaisdugrandsudmarocain@gmail.com\">francaisdugrandsudmarocain@gmail.com<\/a><\/p>\n\n\n\n<p><strong>Responsable de la publication<\/strong><br>FONTENOY Claude<\/p>\n\n\n\n<p><strong>Nom de domaine<\/strong><br>francaisdugrandsudmarocain.com<\/p>\n\n\n\n<p><strong>H\u00e9bergement<\/strong><br>Le site est h\u00e9berg\u00e9 par :<br>OVH SAS<br>2 rue Kellermann<br>59100 Roubaix<br>France<br>www.ovh.com<\/p>\n\n\n\n<p><strong>Propri\u00e9t\u00e9 intellectuelle<\/strong><br>L\u2019ensemble des contenus pr\u00e9sents sur ce site (textes, images, \u00e9l\u00e9ments graphiques) sont la propri\u00e9t\u00e9 de l\u2019\u00e9diteur, sauf mention contraire.<br>Toute reproduction, repr\u00e9sentation ou diffusion, m\u00eame partielle, sans autorisation pr\u00e9alable est interdite.<\/p>\n\n\n\n<p><strong>Donn\u00e9es personnelles<\/strong><br>Les informations \u00e9ventuellement collect\u00e9es via le formulaire de contact sont uniquement destin\u00e9es \u00e0 permettre un \u00e9change avec les utilisateurs du site.<br>Elles ne sont en aucun cas c\u00e9d\u00e9es \u00e0 des tiers.<\/p>\n\n\n\n<p>Conform\u00e9ment \u00e0 la r\u00e9glementation applicable, vous disposez d\u2019un droit d\u2019acc\u00e8s, de rectification et de suppression des donn\u00e9es vous concernant.<br>Vous pouvez exercer ce droit en contactant : <a href=\"mailto:francaisdugrandsudmarocain@gmail.com\">francaisdugrandsudmarocain@gmail.com<\/a><\/p>\n\n\n\n<p><strong>Cookies<\/strong><br>Le site peut utiliser des cookies \u00e0 des fins de fonctionnement et de mesure d\u2019audience.<\/p>\n\n\n\n<p><strong>Limitation de responsabilit\u00e9<\/strong><br>Les informations diffus\u00e9es sur ce site sont fournies \u00e0 titre informatif et peuvent \u00e9voluer.<\/p>\n\n\n\n<p><strong>Mention sp\u00e9cifique<\/strong><br>Ce site est r\u00e9alis\u00e9 dans le cadre d\u2019une communication de campagne \u00e9lectorale.<\/p>\n","protected":false},"excerpt":{"rendered":"<p>Le pr\u00e9sent site est \u00e9dit\u00e9 dans le cadre d\u2019une campagne pour les \u00e9lections consulaires des Fran\u00e7ais de l\u2019\u00e9tranger. \u00c9diteur du siteFONTENOY ClaudeCandidat aux \u00e9lections consulairesUnion des Fran\u00e7ais du Grand Sud MarocainEmail : francaisdugrandsudmarocain@gmail.com Responsable de la publicationFONTENOY Claude Nom de domainefrancaisdugrandsudmarocain.com H\u00e9bergementLe site est h\u00e9berg\u00e9 par :OVH SAS2 rue Kellermann59100 RoubaixFrancewww.ovh.com Propri\u00e9t\u00e9 intellectuelleL\u2019ensemble des contenus [&hellip;]<\/p>\n","protected":false},"author":1,"featured_media":0,"parent":0,"menu_order":0,"comment_status":"closed","ping_status":"closed","template":"","meta":{"footnotes":""},"class_list":["post-65","page","type-page","status-publish","hentry"],"blocksy_meta":[],"_links":{"self":[{"href":"https:\/\/www.francaisdugrandsudmarocain.com\/index.php\/wp-json\/wp\/v2\/pages\/65","targetHints":{"allow":["GET"]}}],"collection":[{"href":"https:\/\/www.francaisdugrandsudmarocain.com\/index.php\/wp-json\/wp\/v2\/pages"}],"about":[{"href":"https:\/\/www.francaisdugrandsudmarocain.com\/index.php\/wp-json\/wp\/v2\/types\/page"}],"author":[{"embeddable":true,"href":"https:\/\/www.francaisdugrandsudmarocain.com\/index.php\/wp-json\/wp\/v2\/users\/1"}],"replies":[{"embeddable":true,"href":"https:\/\/www.francaisdugrandsudmarocain.com\/index.php\/wp-json\/wp\/v2\/comments?post=65"}],"version-history":[{"count":2,"href":"https:\/\/www.francaisdugrandsudmarocain.com\/index.php\/wp-json\/wp\/v2\/pages\/65\/revisions"}],"predecessor-version":[{"id":68,"href":"https:\/\/www.francaisdugrandsudmarocain.com\/index.php\/wp-json\/wp\/v2\/pages\/65\/revisions\/68"}],"wp:attachment":[{"href":"https:\/\/www.francaisdugrandsudmarocain.com\/index.php\/wp-json\/wp\/v2\/media?parent=65"}],"curies":[{"name":"wp","href":"https:\/\/api.w.org\/{rel}","templated":true}]}}